{"id":18,"date":"2021-05-20T15:07:09","date_gmt":"2021-05-20T13:07:09","guid":{"rendered":"http:\/\/www.labouledeproce.com\/?page_id=18"},"modified":"2026-03-10T16:44:15","modified_gmt":"2026-03-10T15:44:15","slug":"a-propos-de","status":"publish","type":"page","link":"https:\/\/www.labouledeproce.com\/index.php\/a-propos-de\/","title":{"rendered":"\u00c0 propos de l&rsquo;amicale Proc\u00e9"},"content":{"rendered":"\n<p>L&rsquo;histoire de l&rsquo;amicale Proc\u00e9 commence il y pr\u00eat de 100 ans,en 1926 c&rsquo;est la plus vieille amicale de notre f\u00e9d\u00e9ration actuellement.<\/p>\n\n\n\n<p>Si l&rsquo;origine du jeu n&rsquo;est pas certaine, la pratique de  la boule au pays nantais date d&rsquo;assez loin dans le temps.<\/p>\n\n\n\n<p>Selon une l\u00e9gende, elle proviendrait d&rsquo;un jeu jou\u00e9 par les ouvriers de la construction navale dans les cales des bateaux, dont la forme aurait inspir\u00e9 le terrain actuel. Elle se d\u00e9veloppe dans les quartiers populaires du pays nantais, en Bretagne, \u00e0 partir du milieu du XIX<sup>e<\/sup>&nbsp;si\u00e8cle, tout d&rsquo;abord en plein-air puis dans des arri\u00e8re-salles couvertes de caf\u00e9s au d\u00e9but du XX<sup>e<\/sup>&nbsp;si\u00e8cle.<\/p>\n\n\n<div class=\"wp-block-image\">\n<figure class=\"aligncenter size-large is-resized\"><a href=\"https:\/\/www.wikiwand.com\/fr\/articles\/Boule_nantaise\" target=\"_blank\" rel=\" noreferrer noopener\"><img loading=\"lazy\" decoding=\"async\" width=\"892\" height=\"1024\" src=\"https:\/\/www.labouledeproce.com\/wp-content\/uploads\/2023\/03\/1200px-Wikipedia-logo-v2-fr.svg_-892x1024.png\" alt=\"\" class=\"wp-image-849\" style=\"aspect-ratio:0.8778625954198473;width:126px;height:auto\" srcset=\"https:\/\/www.labouledeproce.com\/wp-content\/uploads\/2023\/03\/1200px-Wikipedia-logo-v2-fr.svg_-892x1024.png 892w, https:\/\/www.labouledeproce.com\/wp-content\/uploads\/2023\/03\/1200px-Wikipedia-logo-v2-fr.svg_-261x300.png 261w, https:\/\/www.labouledeproce.com\/wp-content\/uploads\/2023\/03\/1200px-Wikipedia-logo-v2-fr.svg_-768x882.png 768w, https:\/\/www.labouledeproce.com\/wp-content\/uploads\/2023\/03\/1200px-Wikipedia-logo-v2-fr.svg_.png 1200w\" sizes=\"auto, (max-width: 767px) 89vw, (max-width: 1000px) 54vw, (max-width: 1071px) 543px, 580px\" \/><\/a><\/figure>\n<\/div>\n\n\n<figure class=\"wp-block-embed aligncenter is-type-video is-provider-youtube wp-block-embed-youtube wp-embed-aspect-16-9 wp-has-aspect-ratio\"><div class=\"wp-block-embed__wrapper\">\n<iframe loading=\"lazy\" title=\"Boule nantaise : perp\u00e9tuer la tradition\" width=\"525\" height=\"295\" src=\"https:\/\/www.youtube.com\/embed\/IPeG3_A3W0U?feature=oembed\" frameborder=\"0\" allow=\"accelerometer; autoplay; clipboard-write; encrypted-media; gyroscope; picture-in-picture; web-share\" referrerpolicy=\"strict-origin-when-cross-origin\" allowfullscreen><\/iframe>\n<\/div><\/figure>\n","protected":false},"excerpt":{"rendered":"<p>L&rsquo;histoire de l&rsquo;amicale Proc\u00e9 commence il y pr\u00eat de 100 ans,en 1926 c&rsquo;est la plus vieille amicale de notre f\u00e9d\u00e9ration actuellement. Si l&rsquo;origine du jeu n&rsquo;est pas certaine, la pratique de la boule au pays nantais date d&rsquo;assez loin dans le temps. Selon une l\u00e9gende, elle proviendrait d&rsquo;un jeu jou\u00e9 par les ouvriers de la &hellip; <\/p>\n<p class=\"link-more\"><a href=\"https:\/\/www.labouledeproce.com\/index.php\/a-propos-de\/\" class=\"more-link\">Continuer la lecture<span class=\"screen-reader-text\"> de &laquo;&nbsp;\u00c0 propos de l&rsquo;amicale Proc\u00e9&nbsp;&raquo;<\/span><\/a><\/p>\n","protected":false},"author":1,"featured_media":0,"parent":0,"menu_order":0,"comment_status":"closed","ping_status":"closed","template":"","meta":{"footnotes":""},"class_list":["post-18","page","type-page","status-publish","hentry"],"_links":{"self":[{"href":"https:\/\/www.labouledeproce.com\/index.php\/wp-json\/wp\/v2\/pages\/18","targetHints":{"allow":["GET"]}}],"collection":[{"href":"https:\/\/www.labouledeproce.com\/index.php\/wp-json\/wp\/v2\/pages"}],"about":[{"href":"https:\/\/www.labouledeproce.com\/index.php\/wp-json\/wp\/v2\/types\/page"}],"author":[{"embeddable":true,"href":"https:\/\/www.labouledeproce.com\/index.php\/wp-json\/wp\/v2\/users\/1"}],"replies":[{"embeddable":true,"href":"https:\/\/www.labouledeproce.com\/index.php\/wp-json\/wp\/v2\/comments?post=18"}],"version-history":[{"count":15,"href":"https:\/\/www.labouledeproce.com\/index.php\/wp-json\/wp\/v2\/pages\/18\/revisions"}],"predecessor-version":[{"id":1763,"href":"https:\/\/www.labouledeproce.com\/index.php\/wp-json\/wp\/v2\/pages\/18\/revisions\/1763"}],"wp:attachment":[{"href":"https:\/\/www.labouledeproce.com\/index.php\/wp-json\/wp\/v2\/media?parent=18"}],"curies":[{"name":"wp","href":"https:\/\/api.w.org\/{rel}","templated":true}]}}